{"id":821,"date":"2024-06-13T09:38:57","date_gmt":"2024-06-13T09:38:57","guid":{"rendered":"https:\/\/danijelaveselinovic.com\/?page_id=821"},"modified":"2024-09-07T15:09:36","modified_gmt":"2024-09-07T15:09:36","slug":"festivali","status":"publish","type":"page","link":"https:\/\/danijelaveselinovic.com\/en\/festivali\/","title":{"rendered":"Concerts and Festivals"},"content":{"rendered":"<div data-elementor-type=\"wp-page\" data-elementor-id=\"821\" class=\"elementor elementor-821\" data-elementor-post-type=\"page\">\n\t\t\t\t<header class=\"elementor-element elementor-element-7379f8d e-con-full elementor-hidden-desktop elementor-hidden-tablet elementor-hidden-mobile e-flex e-con e-parent\" data-id=\"7379f8d\" data-element_type=\"container\" data-settings=\"{&quot;background_background&quot;:&quot;classic&quot;,&quot;background_motion_fx_motion_fx_scrolling&quot;:&quot;yes&quot;,&quot;background_motion_fx_opacity_effect&quot;:&quot;yes&quot;,&quot;background_motion_fx_opacity_range&quot;:{&quot;unit&quot;:&quot;%&quot;,&quot;size&quot;:&quot;&quot;,&quot;sizes&quot;:{&quot;start&quot;:&quot;0&quot;,&quot;end&quot;:&quot;3&quot;}},&quot;background_motion_fx_range&quot;:&quot;page&quot;,&quot;background_motion_fx_opacity_level&quot;:{&quot;unit&quot;:&quot;px&quot;,&quot;size&quot;:4.7,&quot;sizes&quot;:[]},&quot;background_motion_fx_opacity_direction&quot;:&quot;out-in&quot;,&quot;background_motion_fx_devices&quot;:[&quot;desktop&quot;,&quot;tablet&quot;,&quot;mobile&quot;]}\">\n\t\t<div class=\"elementor-element elementor-element-1a30b4e e-con-full e-flex e-con e-child\" data-id=\"1a30b4e\" data-element_type=\"container\">\n\t\t\t\t<div class=\"elementor-element elementor-element-9f2353e elementor-widget__width-initial elementor-widget-tablet__width-initial elementor-widget elementor-widget-image\" data-id=\"9f2353e\" data-element_type=\"widget\" data-widget_type=\"image.default\">\n\t\t\t\t\t\t\t\t\t\t\t\t\t\t\t\t<a href=\"https:\/\/danijelaveselinovic.com\/en\">\n\t\t\t\t\t\t\t<img decoding=\"async\" width=\"192\" height=\"193\" src=\"https:\/\/danijelaveselinovic.com\/wp-content\/uploads\/2024\/04\/orkestar-danijela-golden.png\" class=\"attachment-large size-large wp-image-101\" alt=\"\" srcset=\"https:\/\/danijelaveselinovic.com\/wp-content\/uploads\/2024\/04\/orkestar-danijela-golden.png 192w, https:\/\/danijelaveselinovic.com\/wp-content\/uploads\/2024\/04\/orkestar-danijela-golden-150x150.png 150w\" sizes=\"(max-width: 192px) 100vw, 192px\" \/>\t\t\t\t\t\t\t\t<\/a>\n\t\t\t\t\t\t\t\t\t\t\t\t\t\t\t<\/div>\n\t\t\t\t<div class=\"elementor-element elementor-element-050a1b0 elementor-widget elementor-widget-button\" data-id=\"050a1b0\" data-element_type=\"widget\" data-widget_type=\"button.default\">\n\t\t\t\t\t\t\t\t\t\t<a class=\"elementor-button elementor-button-link elementor-size-sm\" href=\"https:\/\/danijelaveselinovic.com\/en\/\">\n\t\t\t\t\t\t<span class=\"elementor-button-content-wrapper\">\n\t\t\t\t\t\t<span class=\"elementor-button-icon\">\n\t\t\t\t<svg aria-hidden=\"true\" class=\"e-font-icon-svg e-fas-arrow-alt-circle-left\" viewbox=\"0 0 512 512\" xmlns=\"http:\/\/www.w3.org\/2000\/svg\"><path d=\"M256 504C119 504 8 393 8 256S119 8 256 8s248 111 248 248-111 248-248 248zm116-292H256v-70.9c0-10.7-13-16.1-20.5-8.5L121.2 247.5c-4.7 4.7-4.7 12.2 0 16.9l114.3 114.9c7.6 7.6 20.5 2.2 20.5-8.5V300h116c6.6 0 12-5.4 12-12v-64c0-6.6-5.4-12-12-12z\"><\/path><\/svg>\t\t\t<\/span>\n\t\t\t\t\t\t\t\t\t<span class=\"elementor-button-text\">Home page<\/span>\n\t\t\t\t\t<\/span>\n\t\t\t\t\t<\/a>\n\t\t\t\t\t\t\t\t<\/div>\n\t\t\t\t<\/div>\n\t\t\t\t<\/header>\n\t\t<div class=\"elementor-element elementor-element-b99ab54 e-con-full e-flex e-con e-parent\" data-id=\"b99ab54\" data-element_type=\"container\" data-settings=\"{&quot;background_background&quot;:&quot;video&quot;,&quot;background_video_link&quot;:&quot;https:\\\/\\\/www.youtube.com\\\/watch?v=OxRLBva8Dks&quot;,&quot;background_video_start&quot;:10,&quot;background_play_on_mobile&quot;:&quot;yes&quot;,&quot;background_video_end&quot;:90}\">\n\t\t<div class=\"elementor-background-video-container\" aria-hidden=\"true\">\n\t\t\t\t\t\t\t<div class=\"elementor-background-video-embed\"><\/div>\n\t\t\t\t\t\t<\/div>\t\t<div class=\"elementor-element elementor-element-b195101 elementor-widget elementor-widget-heading\" data-id=\"b195101\" data-element_type=\"widget\" data-widget_type=\"heading.default\">\n\t\t\t\t\t<h2 class=\"elementor-heading-title elementor-size-default\">Concerts and Festivals<\/h2>\t\t\t\t<\/div>\n\t\t\t\t<div class=\"elementor-element elementor-element-5939b0a elementor-widget elementor-widget-text-editor\" data-id=\"5939b0a\" data-element_type=\"widget\" data-widget_type=\"text-editor.default\">\n\t\t\t\t\t\t\t\t\t<p>Orchestra Danijela<\/p>\t\t\t\t\t\t\t\t<\/div>\n\t\t\t\t<\/div>\n\t\t<div class=\"elementor-element elementor-element-686d619 e-con-full e-flex e-con e-parent\" data-id=\"686d619\" data-element_type=\"container\" data-settings=\"{&quot;background_background&quot;:&quot;classic&quot;}\">\n\t\t\t\t<\/div>\n\t\t<div class=\"elementor-element elementor-element-70d8ce0 e-flex e-con-boxed e-con e-parent\" data-id=\"70d8ce0\" data-element_type=\"container\">\n\t\t\t\t\t<div class=\"e-con-inner\">\n\t\t<div class=\"elementor-element elementor-element-7787f23 e-con-full e-flex e-con e-child\" data-id=\"7787f23\" data-element_type=\"container\">\n\t\t\t\t<div class=\"elementor-element elementor-element-a17f7d4 elementor-widget elementor-widget-heading\" data-id=\"a17f7d4\" data-element_type=\"widget\" data-widget_type=\"heading.default\">\n\t\t\t\t\t<h2 class=\"elementor-heading-title elementor-size-default\">\u201cYou are a little trumpet princess\u201d<\/h2>\t\t\t\t<\/div>\n\t\t<div class=\"elementor-element elementor-element-001925a e-flex e-con-boxed e-con e-child\" data-id=\"001925a\" data-element_type=\"container\">\n\t\t\t\t\t<div class=\"e-con-inner\">\n\t\t<div class=\"elementor-element elementor-element-23dd3b0 e-flex e-con-boxed e-con e-child\" data-id=\"23dd3b0\" data-element_type=\"container\">\n\t\t\t\t\t<div class=\"e-con-inner\">\n\t\t\t\t<div class=\"elementor-element elementor-element-73b6243 elementor-widget__width-auto elementor-widget-mobile__width-auto elementor-widget elementor-widget-text-editor\" data-id=\"73b6243\" data-element_type=\"widget\" data-widget_type=\"text-editor.default\">\n\t\t\t\t\t\t\t\t\t<p>With the boundless support of their parents and a great love for music itself, the orchestra matured and gradually found its place in numerous competitions and festivals across Europe. Some of them include:<\/p><ul><li>Festival and International Competition in Lobez, Poland (2008)<\/li><li>Spain\/Madrid-Barcelona (2010),<\/li><li>Festival Crans Montana &#8211; \u0160vajcarska (2014),<\/li><li>\"FETE des COULEURS\" Festival - Aigle, Switzerland (2014),<\/li><li>Concerts in Geneva and Nyon - Switzerland (2015),<\/li><li>Festival in Corfu, Greece (2015)<\/li><li>Mikser Festival in Belgrade - Serbia (2016),<\/li><li>Marble and Sounds Festival in Arandjelovac, Serbia (2016),<\/li><li>Arlemm Festival in Arilje - Serbia (2016,2023),<\/li><li>Danube Fun Fest in Donji Milanovac - Serbia (2016),<\/li><li>Telenor's 10th Anniversary, Belgrade (2016)<\/li><li>Balkanica Festival in Sofia, Bulgaria (2017),<\/li><li>World music festival in Gornji Milanovac, Serbia (2017),<\/li><li>Tour in Montenegro (2017)<\/li><li>Tourism Fair, Belgrade - Serbia (2017)<\/li><li>25 years of the Republic of Srpska, Banja Luka - Bosnia and Herzegovina (2017)<\/li><li>Panonica festival &#8211; Poljska (2018)<\/li><li>Klezmore Festival in Bratislava - Slovakia (2018)<\/li><li>Formal Academy in Trebinje - Bosnia and Herzegovina (2018)<\/li><li>Svetosavska Academy in Braunau and Linz - Austria (2020)<\/li><li>Balkan Trafik Festival, Brussels - Belgium (2020)<\/li><li>Me\u0111unarodni festival &#8222;George Boulanger&#8220; &#8211; Rumunija (2019)<\/li><li>Turneja u Kalkuti &#8211; Indija (2020, 2024)<\/li><li>National Scientific Conference \"Aesthetic Sports between Art and Sport\", Belgrade - Serbia (2021)<\/li><li>Expo Dubai 2020 &#8211; UAE (2022)<\/li><li>Tour in Crete - Greece (2022)<\/li><li>Smederevska Jesen Festival, Serbia (2022)<\/li><li>Nusic Days Festival, Smederevo - Serbia (2022, 2023)<\/li><li>Conference in Modern Science, LHCP, Belgrade - Serbia (2023)<\/li><li>75 years of Gazprom - St. Petersburg, Russia (2023)<\/li><li>Belgrade Ship Carnival, Serbia (2023)<\/li><li>Guca Trumpet Festival (2003\u20132024)<\/li><\/ul>\t\t\t\t\t\t\t\t<\/div>\n\t\t\t\t\t<\/div>\n\t\t\t\t<\/div>\n\t\t\t\t\t<\/div>\n\t\t\t\t<\/div>\n\t\t\t\t<\/div>\n\t\t\t\t\t<\/div>\n\t\t\t\t<\/div>\n\t\t<div class=\"elementor-element elementor-element-1d1a3a1 e-con-full e-flex e-con e-parent\" data-id=\"1d1a3a1\" data-element_type=\"container\" data-settings=\"{&quot;background_background&quot;:&quot;classic&quot;}\">\n\t\t\t\t<\/div>\n\t\t<div class=\"elementor-element elementor-element-e34d0a6 e-flex e-con-boxed e-con e-parent\" data-id=\"e34d0a6\" data-element_type=\"container\">\n\t\t\t\t\t<div class=\"e-con-inner\">\n\t\t<div class=\"elementor-element elementor-element-80493d5 e-con-full e-flex e-con e-child\" data-id=\"80493d5\" data-element_type=\"container\">\n\t\t<div class=\"elementor-element elementor-element-df1f7f7 e-flex e-con-boxed e-con e-child\" data-id=\"df1f7f7\" data-element_type=\"container\">\n\t\t\t\t\t<div class=\"e-con-inner\">\n\t\t\t\t<div class=\"elementor-element elementor-element-ee60e16 elementor-widget elementor-widget-gallery\" data-id=\"ee60e16\" data-element_type=\"widget\" data-settings=\"{&quot;columns&quot;:3,&quot;lazyload&quot;:&quot;yes&quot;,&quot;gallery_layout&quot;:&quot;grid&quot;,&quot;columns_tablet&quot;:2,&quot;columns_mobile&quot;:1,&quot;gap&quot;:{&quot;unit&quot;:&quot;px&quot;,&quot;size&quot;:10,&quot;sizes&quot;:[]},&quot;gap_tablet&quot;:{&quot;unit&quot;:&quot;px&quot;,&quot;size&quot;:10,&quot;sizes&quot;:[]},&quot;gap_mobile&quot;:{&quot;unit&quot;:&quot;px&quot;,&quot;size&quot;:10,&quot;sizes&quot;:[]},&quot;link_to&quot;:&quot;file&quot;,&quot;aspect_ratio&quot;:&quot;3:2&quot;,&quot;overlay_background&quot;:&quot;yes&quot;,&quot;content_hover_animation&quot;:&quot;fade-in&quot;}\" data-widget_type=\"gallery.default\">\n\t\t\t\t\t\t\t<div class=\"elementor-gallery__container\">\n\t\t\t\t\t\t\t<a class=\"e-gallery-item elementor-gallery-item elementor-animated-content\" href=\"https:\/\/danijelaveselinovic.com\/wp-content\/uploads\/2024\/06\/Snimak-ekrana-2024-05-31-.png\" data-elementor-open-lightbox=\"yes\" data-elementor-lightbox-slideshow=\"ee60e16\" data-elementor-lightbox-title=\"Snimak ekrana 2024-05-31\" data-e-action-hash=\"#elementor-action%3Aaction%3Dlightbox%26settings%3DeyJpZCI6Njg5LCJ1cmwiOiJodHRwczpcL1wvZGFuaWplbGF2ZXNlbGlub3ZpYy5jb21cL3dwLWNvbnRlbnRcL3VwbG9hZHNcLzIwMjRcLzA2XC9TbmltYWstZWtyYW5hLTIwMjQtMDUtMzEtLnBuZyIsInNsaWRlc2hvdyI6ImVlNjBlMTYifQ%3D%3D\">\n\t\t\t\t\t<div class=\"e-gallery-image elementor-gallery-item__image\" data-thumbnail=\"https:\/\/danijelaveselinovic.com\/wp-content\/uploads\/2024\/06\/Snimak-ekrana-2024-05-31-.png\" data-width=\"1395\" data-height=\"930\" aria-label=\"\" role=\"img\" ><\/div>\n\t\t\t\t\t\t\t\t\t\t\t<div class=\"elementor-gallery-item__overlay\"><\/div>\n\t\t\t\t\t\t\t\t\t\t\t\t\t\t<\/a>\n\t\t\t\t\t\t\t<a class=\"e-gallery-item elementor-gallery-item elementor-animated-content\" href=\"https:\/\/danijelaveselinovic.com\/wp-content\/uploads\/2024\/06\/41229149_1851284734940019_1467959400172879872_n.jpg\" data-elementor-open-lightbox=\"yes\" data-elementor-lightbox-slideshow=\"ee60e16\" data-elementor-lightbox-title=\"41229149_1851284734940019_1467959400172879872_n\" data-e-action-hash=\"#elementor-action%3Aaction%3Dlightbox%26settings%3DeyJpZCI6Njk4LCJ1cmwiOiJodHRwczpcL1wvZGFuaWplbGF2ZXNlbGlub3ZpYy5jb21cL3dwLWNvbnRlbnRcL3VwbG9hZHNcLzIwMjRcLzA2XC80MTIyOTE0OV8xODUxMjg0NzM0OTQwMDE5XzE0Njc5NTk0MDAxNzI4Nzk4NzJfbi5qcGciLCJzbGlkZXNob3ciOiJlZTYwZTE2In0%3D\">\n\t\t\t\t\t<div class=\"e-gallery-image elementor-gallery-item__image\" data-thumbnail=\"https:\/\/danijelaveselinovic.com\/wp-content\/uploads\/2024\/06\/41229149_1851284734940019_1467959400172879872_n.jpg\" data-width=\"960\" data-height=\"640\" aria-label=\"\" role=\"img\" ><\/div>\n\t\t\t\t\t\t\t\t\t\t\t<div class=\"elementor-gallery-item__overlay\"><\/div>\n\t\t\t\t\t\t\t\t\t\t\t\t\t\t<\/a>\n\t\t\t\t\t\t\t<a class=\"e-gallery-item elementor-gallery-item elementor-animated-content\" href=\"https:\/\/danijelaveselinovic.com\/wp-content\/uploads\/2024\/06\/40868937_1850033541731805_3201736405059371008_n.jpg\" data-elementor-open-lightbox=\"yes\" data-elementor-lightbox-slideshow=\"ee60e16\" data-elementor-lightbox-title=\"40868937_1850033541731805_3201736405059371008_n\" data-e-action-hash=\"#elementor-action%3Aaction%3Dlightbox%26settings%3DeyJpZCI6Njk1LCJ1cmwiOiJodHRwczpcL1wvZGFuaWplbGF2ZXNlbGlub3ZpYy5jb21cL3dwLWNvbnRlbnRcL3VwbG9hZHNcLzIwMjRcLzA2XC80MDg2ODkzN18xODUwMDMzNTQxNzMxODA1XzMyMDE3MzY0MDUwNTkzNzEwMDhfbi5qcGciLCJzbGlkZXNob3ciOiJlZTYwZTE2In0%3D\">\n\t\t\t\t\t<div class=\"e-gallery-image elementor-gallery-item__image\" data-thumbnail=\"https:\/\/danijelaveselinovic.com\/wp-content\/uploads\/2024\/06\/40868937_1850033541731805_3201736405059371008_n.jpg\" data-width=\"960\" data-height=\"640\" aria-label=\"\" role=\"img\" ><\/div>\n\t\t\t\t\t\t\t\t\t\t\t<div class=\"elementor-gallery-item__overlay\"><\/div>\n\t\t\t\t\t\t\t\t\t\t\t\t\t\t<\/a>\n\t\t\t\t\t<\/div>\n\t\t\t\t\t<\/div>\n\t\t\t\t\t<\/div>\n\t\t\t\t<\/div>\n\t\t\t\t<\/div>\n\t\t\t\t\t<\/div>\n\t\t\t\t<\/div>\n\t\t\t\t<\/div>","protected":false},"excerpt":{"rendered":"<p>Home page Koncerti i festivali ORKESTAR DANIJELA &#8222;Ti si mala truba\u010dka princeza&#8220; Uz bezgrani\u010dnu podr\u0161ku svojih roditelja i veliku ljubav prema samoj muzici, orkestar je sazrevao i postepeno nalazio mesto na brojnim, takmi\u010denjima i festivalima \u0161irom Evrope. Neki od njih jesu: Festival i me\u0111unarodno takmi\u010denje u Lobezu-Poljska (2008) \u0160panija\/Madrid- Barselona (2010), Festival Crans Montana &#8211; [&hellip;]<\/p>","protected":false},"author":1,"featured_media":0,"parent":0,"menu_order":0,"comment_status":"closed","ping_status":"closed","template":"","meta":{"_acf_changed":false,"footnotes":""},"class_list":["post-821","page","type-page","status-publish","hentry"],"acf":[],"yoast_head":"<!-- This site is optimized with the Yoast SEO plugin v25.8 - https:\/\/yoast.com\/wordpress\/plugins\/seo\/ -->\n<title>Koncerti i festivali - Danijela Veselinovi\u0107<\/title>\n<meta name=\"robots\" content=\"index, follow, max-snippet:-1, max-image-preview:large, max-video-preview:-1\" \/>\n<link rel=\"canonical\" href=\"https:\/\/danijelaveselinovic.com\/en\/festivali\/\" \/>\n<meta property=\"og:locale\" content=\"en_US\" \/>\n<meta property=\"og:type\" content=\"article\" \/>\n<meta property=\"og:title\" content=\"Koncerti i festivali - Danijela Veselinovi\u0107\" \/>\n<meta property=\"og:description\" content=\"Home page Koncerti i festivali ORKESTAR DANIJELA &#8222;Ti si mala truba\u010dka princeza&#8220; Uz bezgrani\u010dnu podr\u0161ku svojih roditelja i veliku ljubav prema samoj muzici, orkestar je sazrevao i postepeno nalazio mesto na brojnim, takmi\u010denjima i festivalima \u0161irom Evrope. Neki od njih jesu: Festival i me\u0111unarodno takmi\u010denje u Lobezu-Poljska (2008) \u0160panija\/Madrid- Barselona (2010), Festival Crans Montana &#8211; [&hellip;]\" \/>\n<meta property=\"og:url\" content=\"https:\/\/danijelaveselinovic.com\/en\/festivali\/\" \/>\n<meta property=\"og:site_name\" content=\"Danijela Veselinovi\u0107\" \/>\n<meta property=\"article:modified_time\" content=\"2024-09-07T15:09:36+00:00\" \/>\n<meta name=\"twitter:card\" content=\"summary_large_image\" \/>\n<meta name=\"twitter:label1\" content=\"Est. reading time\" \/>\n\t<meta name=\"twitter:data1\" content=\"2 minutes\" \/>\n<script type=\"application\/ld+json\" class=\"yoast-schema-graph\">{\"@context\":\"https:\/\/schema.org\",\"@graph\":[{\"@type\":\"WebPage\",\"@id\":\"https:\/\/danijelaveselinovic.com\/festivali\/\",\"url\":\"https:\/\/danijelaveselinovic.com\/festivali\/\",\"name\":\"Koncerti i festivali - Danijela Veselinovi\u0107\",\"isPartOf\":{\"@id\":\"https:\/\/danijelaveselinovic.com\/#website\"},\"datePublished\":\"2024-06-13T09:38:57+00:00\",\"dateModified\":\"2024-09-07T15:09:36+00:00\",\"breadcrumb\":{\"@id\":\"https:\/\/danijelaveselinovic.com\/festivali\/#breadcrumb\"},\"inLanguage\":\"en-US\",\"potentialAction\":[{\"@type\":\"ReadAction\",\"target\":[\"https:\/\/danijelaveselinovic.com\/festivali\/\"]}]},{\"@type\":\"BreadcrumbList\",\"@id\":\"https:\/\/danijelaveselinovic.com\/festivali\/#breadcrumb\",\"itemListElement\":[{\"@type\":\"ListItem\",\"position\":1,\"name\":\"Home\",\"item\":\"https:\/\/danijelaveselinovic.com\/\"},{\"@type\":\"ListItem\",\"position\":2,\"name\":\"Koncerti i festivali\"}]},{\"@type\":\"WebSite\",\"@id\":\"https:\/\/danijelaveselinovic.com\/#website\",\"url\":\"https:\/\/danijelaveselinovic.com\/\",\"name\":\"Danijela Veselinovi\u0107\",\"description\":\"Princeza Srpske Trube\",\"publisher\":{\"@id\":\"https:\/\/danijelaveselinovic.com\/#organization\"},\"potentialAction\":[{\"@type\":\"SearchAction\",\"target\":{\"@type\":\"EntryPoint\",\"urlTemplate\":\"https:\/\/danijelaveselinovic.com\/?s={search_term_string}\"},\"query-input\":{\"@type\":\"PropertyValueSpecification\",\"valueRequired\":true,\"valueName\":\"search_term_string\"}}],\"inLanguage\":\"en-US\"},{\"@type\":\"Organization\",\"@id\":\"https:\/\/danijelaveselinovic.com\/#organization\",\"name\":\"Danijela Veselinovi\u0107\",\"url\":\"https:\/\/danijelaveselinovic.com\/\",\"logo\":{\"@type\":\"ImageObject\",\"inLanguage\":\"en-US\",\"@id\":\"https:\/\/danijelaveselinovic.com\/#\/schema\/logo\/image\/\",\"url\":\"https:\/\/danijelaveselinovic.com\/wp-content\/uploads\/2024\/04\/orkestar-danijela-golden.png\",\"contentUrl\":\"https:\/\/danijelaveselinovic.com\/wp-content\/uploads\/2024\/04\/orkestar-danijela-golden.png\",\"width\":192,\"height\":193,\"caption\":\"Danijela Veselinovi\u0107\"},\"image\":{\"@id\":\"https:\/\/danijelaveselinovic.com\/#\/schema\/logo\/image\/\"}}]}<\/script>\n<!-- \/ Yoast SEO plugin. -->","yoast_head_json":{"title":"Koncerti i festivali - Danijela Veselinovi\u0107","robots":{"index":"index","follow":"follow","max-snippet":"max-snippet:-1","max-image-preview":"max-image-preview:large","max-video-preview":"max-video-preview:-1"},"canonical":"https:\/\/danijelaveselinovic.com\/en\/festivali\/","og_locale":"en_US","og_type":"article","og_title":"Koncerti i festivali - Danijela Veselinovi\u0107","og_description":"Home page Koncerti i festivali ORKESTAR DANIJELA &#8222;Ti si mala truba\u010dka princeza&#8220; Uz bezgrani\u010dnu podr\u0161ku svojih roditelja i veliku ljubav prema samoj muzici, orkestar je sazrevao i postepeno nalazio mesto na brojnim, takmi\u010denjima i festivalima \u0161irom Evrope. Neki od njih jesu: Festival i me\u0111unarodno takmi\u010denje u Lobezu-Poljska (2008) \u0160panija\/Madrid- Barselona (2010), Festival Crans Montana &#8211; [&hellip;]","og_url":"https:\/\/danijelaveselinovic.com\/en\/festivali\/","og_site_name":"Danijela Veselinovi\u0107","article_modified_time":"2024-09-07T15:09:36+00:00","twitter_card":"summary_large_image","twitter_misc":{"Est. reading time":"2 minutes"},"schema":{"@context":"https:\/\/schema.org","@graph":[{"@type":"WebPage","@id":"https:\/\/danijelaveselinovic.com\/festivali\/","url":"https:\/\/danijelaveselinovic.com\/festivali\/","name":"Koncerti i festivali - Danijela Veselinovi\u0107","isPartOf":{"@id":"https:\/\/danijelaveselinovic.com\/#website"},"datePublished":"2024-06-13T09:38:57+00:00","dateModified":"2024-09-07T15:09:36+00:00","breadcrumb":{"@id":"https:\/\/danijelaveselinovic.com\/festivali\/#breadcrumb"},"inLanguage":"en-US","potentialAction":[{"@type":"ReadAction","target":["https:\/\/danijelaveselinovic.com\/festivali\/"]}]},{"@type":"BreadcrumbList","@id":"https:\/\/danijelaveselinovic.com\/festivali\/#breadcrumb","itemListElement":[{"@type":"ListItem","position":1,"name":"Home","item":"https:\/\/danijelaveselinovic.com\/"},{"@type":"ListItem","position":2,"name":"Koncerti i festivali"}]},{"@type":"WebSite","@id":"https:\/\/danijelaveselinovic.com\/#website","url":"https:\/\/danijelaveselinovic.com\/","name":"Danijela Veselinovi\u0107","description":"Princeza Srpske Trube","publisher":{"@id":"https:\/\/danijelaveselinovic.com\/#organization"},"potentialAction":[{"@type":"SearchAction","target":{"@type":"EntryPoint","urlTemplate":"https:\/\/danijelaveselinovic.com\/?s={search_term_string}"},"query-input":{"@type":"PropertyValueSpecification","valueRequired":true,"valueName":"search_term_string"}}],"inLanguage":"en-US"},{"@type":"Organization","@id":"https:\/\/danijelaveselinovic.com\/#organization","name":"Danijela Veselinovi\u0107","url":"https:\/\/danijelaveselinovic.com\/","logo":{"@type":"ImageObject","inLanguage":"en-US","@id":"https:\/\/danijelaveselinovic.com\/#\/schema\/logo\/image\/","url":"https:\/\/danijelaveselinovic.com\/wp-content\/uploads\/2024\/04\/orkestar-danijela-golden.png","contentUrl":"https:\/\/danijelaveselinovic.com\/wp-content\/uploads\/2024\/04\/orkestar-danijela-golden.png","width":192,"height":193,"caption":"Danijela Veselinovi\u0107"},"image":{"@id":"https:\/\/danijelaveselinovic.com\/#\/schema\/logo\/image\/"}}]}},"_links":{"self":[{"href":"https:\/\/danijelaveselinovic.com\/en\/wp-json\/wp\/v2\/pages\/821","targetHints":{"allow":["GET"]}}],"collection":[{"href":"https:\/\/danijelaveselinovic.com\/en\/wp-json\/wp\/v2\/pages"}],"about":[{"href":"https:\/\/danijelaveselinovic.com\/en\/wp-json\/wp\/v2\/types\/page"}],"author":[{"embeddable":true,"href":"https:\/\/danijelaveselinovic.com\/en\/wp-json\/wp\/v2\/users\/1"}],"replies":[{"embeddable":true,"href":"https:\/\/danijelaveselinovic.com\/en\/wp-json\/wp\/v2\/comments?post=821"}],"version-history":[{"count":7,"href":"https:\/\/danijelaveselinovic.com\/en\/wp-json\/wp\/v2\/pages\/821\/revisions"}],"predecessor-version":[{"id":985,"href":"https:\/\/danijelaveselinovic.com\/en\/wp-json\/wp\/v2\/pages\/821\/revisions\/985"}],"wp:attachment":[{"href":"https:\/\/danijelaveselinovic.com\/en\/wp-json\/wp\/v2\/media?parent=821"}],"curies":[{"name":"wp","href":"https:\/\/api.w.org\/{rel}","templated":true}]}}